{"id":15,"date":"2025-05-09T22:43:00","date_gmt":"2025-05-09T22:43:00","guid":{"rendered":"https:\/\/eolica.actiontracker.eu\/?page_id=15"},"modified":"2025-05-29T19:58:30","modified_gmt":"2025-05-29T19:58:30","slug":"inicio-eolica-actiontracker","status":"publish","type":"page","link":"https:\/\/eolica.actiontracker.eu\/","title":{"rendered":"Inicio e\u00f3lica"},"content":{"rendered":"\t\t<div data-elementor-type=\"wp-page\" data-elementor-id=\"15\" class=\"elementor elementor-15\" data-elementor-post-type=\"page\">\n\t\t\t\t<div class=\"elementor-element elementor-element-77cdee3 e-flex e-con-boxed e-con e-parent\" data-id=\"77cdee3\" data-element_type=\"container\" data-settings=\"{&quot;background_background&quot;:&quot;classic&quot;}\">\n\t\t\t\t\t<div class=\"e-con-inner\">\n\t\t<div class=\"elementor-element elementor-element-41796a7 e-con-full e-flex e-con e-child\" data-id=\"41796a7\" data-element_type=\"container\">\n\t\t<div class=\"elementor-element elementor-element-30230ba e-con-full e-flex e-con e-child\" data-id=\"30230ba\" data-element_type=\"container\">\n\t\t<div class=\"elementor-element elementor-element-df52cc1 e-con-full e-flex e-con e-child\" data-id=\"df52cc1\" data-element_type=\"container\">\n\t\t\t\t<div class=\"elementor-element elementor-element-bc6c695 elementor-widget elementor-widget-image\" data-id=\"bc6c695\" data-element_type=\"widget\" data-widget_type=\"image.default\">\n\t\t\t\t<div class=\"elementor-widget-container\">\n\t\t\t\t\t\t\t\t\t\t\t\t\t\t\t<img decoding=\"async\" width=\"151\" height=\"44\" src=\"https:\/\/eolica.actiontracker.eu\/wp-content\/uploads\/2025\/05\/Sin-titulo-1-26-2.png\" class=\"attachment-full size-full wp-image-35\" alt=\"\" \/>\t\t\t\t\t\t\t\t\t\t\t\t\t\t\t<\/div>\n\t\t\t\t<\/div>\n\t\t\t\t<\/div>\n\t\t<div class=\"elementor-element elementor-element-006096b e-con-full e-flex e-con e-child\" data-id=\"006096b\" data-element_type=\"container\">\n\t\t\t\t<div class=\"elementor-element elementor-element-ba8dbb9 elementor-widget elementor-widget-heading\" data-id=\"ba8dbb9\" data-element_type=\"widget\" data-widget_type=\"heading.default\">\n\t\t\t\t<div class=\"elementor-widget-container\">\n\t\t\t\t\t<h2 class=\"elementor-heading-title elementor-size-default\">Un ecosistema de soluciones para la<\/h2>\t\t\t\t<\/div>\n\t\t\t\t<\/div>\n\t\t\t\t<div class=\"elementor-element elementor-element-f677285 elementor-widget elementor-widget-heading\" data-id=\"f677285\" data-element_type=\"widget\" data-widget_type=\"heading.default\">\n\t\t\t\t<div class=\"elementor-widget-container\">\n\t\t\t\t\t<h2 class=\"elementor-heading-title elementor-size-default\">La industria e\u00f3lica y carga de proyectos<\/h2>\t\t\t\t<\/div>\n\t\t\t\t<\/div>\n\t\t\t\t<div class=\"elementor-element elementor-element-2671b40 elementor-widget elementor-widget-button\" data-id=\"2671b40\" data-element_type=\"widget\" data-widget_type=\"button.default\">\n\t\t\t\t<div class=\"elementor-widget-container\">\n\t\t\t\t\t\t\t\t\t<div class=\"elementor-button-wrapper\">\n\t\t\t\t\t<a class=\"elementor-button elementor-button-link elementor-size-sm\" href=\"https:\/\/actiontracker.eu\/contactenos\/\">\n\t\t\t\t\t\t<span class=\"elementor-button-content-wrapper\">\n\t\t\t\t\t\t\t\t\t<span class=\"elementor-button-text\">Quiero saber m\u00e1s<\/span>\n\t\t\t\t\t<\/span>\n\t\t\t\t\t<\/a>\n\t\t\t\t<\/div>\n\t\t\t\t\t\t\t\t<\/div>\n\t\t\t\t<\/div>\n\t\t\t\t<\/div>\n\t\t\t\t<\/div>\n\t\t\t\t<\/div>\n\t\t<div class=\"elementor-element elementor-element-bf771d4 e-con-full elementor-hidden-tablet elementor-hidden-mobile e-flex e-con e-child\" data-id=\"bf771d4\" data-element_type=\"container\">\n\t\t\t\t<\/div>\n\t\t\t\t\t<\/div>\n\t\t\t\t<\/div>\n\t\t<div class=\"elementor-element elementor-element-07f59dd e-flex e-con-boxed e-con e-parent\" data-id=\"07f59dd\" data-element_type=\"container\">\n\t\t\t\t\t<div class=\"e-con-inner\">\n\t\t<div class=\"elementor-element elementor-element-8896f4e e-con-full e-flex e-con e-child\" data-id=\"8896f4e\" data-element_type=\"container\" data-settings=\"{&quot;background_background&quot;:&quot;classic&quot;}\">\n\t\t<div class=\"elementor-element elementor-element-dfacc00 e-con-full e-flex e-con e-child\" data-id=\"dfacc00\" data-element_type=\"container\">\n\t\t\t\t<div class=\"elementor-element elementor-element-c66ab8d elementor-widget elementor-widget-heading\" data-id=\"c66ab8d\" data-element_type=\"widget\" data-widget_type=\"heading.default\">\n\t\t\t\t<div class=\"elementor-widget-container\">\n\t\t\t\t\t<h3 class=\"elementor-heading-title elementor-size-default\">A trav\u00e9s de una <span class=\"orange\">interfaz intuitiva<\/span> y conectividad avanzada,  <span class=\"orange\">permite un control y seguridad total <\/span> en el entorno de trabajo.<\/h3>\t\t\t\t<\/div>\n\t\t\t\t<\/div>\n\t\t\t\t<\/div>\n\t\t<div class=\"elementor-element elementor-element-9b1dbb1 e-con-full e-flex e-con e-child\" data-id=\"9b1dbb1\" data-element_type=\"container\">\n\t\t\t\t<div class=\"elementor-element elementor-element-aee9732 elementor-widget elementor-widget-image\" data-id=\"aee9732\" data-element_type=\"widget\" data-widget_type=\"image.default\">\n\t\t\t\t<div class=\"elementor-widget-container\">\n\t\t\t\t\t\t\t\t\t\t\t\t\t\t\t<img fetchpriority=\"high\" decoding=\"async\" width=\"329\" height=\"535\" src=\"https:\/\/eolica.actiontracker.eu\/wp-content\/uploads\/2025\/05\/Group-184.png\" class=\"attachment-full size-full wp-image-244\" alt=\"\" srcset=\"https:\/\/eolica.actiontracker.eu\/wp-content\/uploads\/2025\/05\/Group-184.png 329w, https:\/\/eolica.actiontracker.eu\/wp-content\/uploads\/2025\/05\/Group-184-184x300.png 184w\" sizes=\"(max-width: 329px) 100vw, 329px\" \/>\t\t\t\t\t\t\t\t\t\t\t\t\t\t\t<\/div>\n\t\t\t\t<\/div>\n\t\t\t\t<\/div>\n\t\t\t\t<\/div>\n\t\t\t\t\t<\/div>\n\t\t\t\t<\/div>\n\t\t<div class=\"elementor-element elementor-element-f023d2a e-con-full e-flex e-con e-parent\" data-id=\"f023d2a\" data-element_type=\"container\" data-settings=\"{&quot;background_background&quot;:&quot;classic&quot;}\">\n\t\t\t\t<\/div>\n\t\t<div class=\"elementor-element elementor-element-95e4ffb e-con-full e-flex e-con e-parent\" data-id=\"95e4ffb\" data-element_type=\"container\" data-settings=\"{&quot;background_background&quot;:&quot;classic&quot;}\">\n\t\t<div class=\"elementor-element elementor-element-31d7668 e-con-full e-flex e-con e-child\" data-id=\"31d7668\" data-element_type=\"container\">\n\t\t\t\t<div class=\"elementor-element elementor-element-87ac059 elementor-widget elementor-widget-text-editor\" data-id=\"87ac059\" data-element_type=\"widget\" data-widget_type=\"text-editor.default\">\n\t\t\t\t<div class=\"elementor-widget-container\">\n\t\t\t\t\t\t\t\t\t<p>Exocare ha sido dise\u00f1ada para responder a los desaf\u00edos operativos y de seguridad que enfrentan la industria e\u00f3lica. Su implementaci\u00f3n no solo transforma la gesti\u00f3n operativa, sino que ofrece beneficios concretos y medibles en t\u00e9rminos de seguridad, eficiencia y sostenibilidad econ\u00f3mica.<br \/><br \/>La gesti\u00f3n inteligente de tareas, que permite asignar, supervisar y validar actividades en tiempo real, ya sea a trabajadores individuales, cuadrillas o subcontratas. <br \/><br \/>Ademas en entornos peligrosos, el sistema de alertas ofrece monitoreo en tiempo real y protocolos de respuesta automatizados que permiten actuar con rapidez ante cualquier incidente, minimizando riesgos humanos, materiales e impactando directamente en una menor incidencia de bajas laborales, la reducci\u00f3n de costes econ\u00f3micos asociados a la interrupci\u00f3n de actividades, reemplazos o sanciones legales.<br \/><br \/>Gracias a su funcionalidad de geolocalizaci\u00f3n en tiempo real, es posible saber con exactitud d\u00f3nde se encuentran tanto el personal como los equipos,mejorando la log\u00edstica.<\/p>\t\t\t\t\t\t\t\t<\/div>\n\t\t\t\t<\/div>\n\t\t\t\t<\/div>\n\t\t<div class=\"elementor-element elementor-element-bc5f154 e-con-full e-flex e-con e-child\" data-id=\"bc5f154\" data-element_type=\"container\">\n\t\t\t\t<div class=\"elementor-element elementor-element-f762c79 elementor-widget elementor-widget-video\" data-id=\"f762c79\" data-element_type=\"widget\" data-settings=\"{&quot;youtube_url&quot;:&quot;https:\\\/\\\/www.youtube.com\\\/watch?v=8DXe2W9BYq8&quot;,&quot;video_type&quot;:&quot;youtube&quot;,&quot;controls&quot;:&quot;yes&quot;}\" data-widget_type=\"video.default\">\n\t\t\t\t<div class=\"elementor-widget-container\">\n\t\t\t\t\t\t\t<div class=\"elementor-wrapper elementor-open-inline\">\n\t\t\t<div class=\"elementor-video\"><\/div>\t\t<\/div>\n\t\t\t\t\t\t<\/div>\n\t\t\t\t<\/div>\n\t\t\t\t<\/div>\n\t\t\t\t<\/div>\n\t\t<div class=\"elementor-element elementor-element-2ee6e2e e-flex e-con-boxed e-con e-parent\" data-id=\"2ee6e2e\" data-element_type=\"container\">\n\t\t\t\t\t<div class=\"e-con-inner\">\n\t\t<div class=\"elementor-element elementor-element-554da4b e-con-full e-flex e-con e-child\" data-id=\"554da4b\" data-element_type=\"container\">\n\t\t\t\t<div class=\"elementor-element elementor-element-a7e4ef2 elementor-widget elementor-widget-heading\" data-id=\"a7e4ef2\" data-element_type=\"widget\" data-widget_type=\"heading.default\">\n\t\t\t\t<div class=\"elementor-widget-container\">\n\t\t\t\t\t<h3 class=\"elementor-heading-title elementor-size-default\"><b>Exocare es una aliada clave!<\/b> \npara optimizar recursos, proteger al equipo humano y garantizar la continuidad de las operaciones en los sectores m\u00e1s exigentes.<\/h3>\t\t\t\t<\/div>\n\t\t\t\t<\/div>\n\t\t\t\t<\/div>\n\t\t\t\t\t<\/div>\n\t\t\t\t<\/div>\n\t\t<div class=\"elementor-element elementor-element-133929e1 e-con-full e-flex e-con e-parent\" data-id=\"133929e1\" data-element_type=\"container\" data-settings=\"{&quot;background_background&quot;:&quot;classic&quot;}\">\n\t\t<div class=\"elementor-element elementor-element-359922ef e-con-full e-flex e-con e-child\" data-id=\"359922ef\" data-element_type=\"container\">\n\t\t\t\t<div class=\"elementor-element elementor-element-1cf48a21 elementor-widget elementor-widget-heading\" data-id=\"1cf48a21\" data-element_type=\"widget\" data-widget_type=\"heading.default\">\n\t\t\t\t<div class=\"elementor-widget-container\">\n\t\t\t\t\t<h2 class=\"elementor-heading-title elementor-size-default\">\u00bfBuscas seguridad para el personal y los bienes de tu empresa?<\/h2>\t\t\t\t<\/div>\n\t\t\t\t<\/div>\n\t\t\t\t<div class=\"elementor-element elementor-element-51cf32d2 elementor-widget elementor-widget-heading\" data-id=\"51cf32d2\" data-element_type=\"widget\" data-widget_type=\"heading.default\">\n\t\t\t\t<div class=\"elementor-widget-container\">\n\t\t\t\t\t<h2 class=\"elementor-heading-title elementor-size-default\">Cont\u00e1ctanos y recibe toda la informaci\u00f3n que necesitas<\/h2>\t\t\t\t<\/div>\n\t\t\t\t<\/div>\n\t\t\t\t<div class=\"elementor-element elementor-element-5f83f01 elementor-widget elementor-widget-button\" data-id=\"5f83f01\" data-element_type=\"widget\" data-widget_type=\"button.default\">\n\t\t\t\t<div class=\"elementor-widget-container\">\n\t\t\t\t\t\t\t\t\t<div class=\"elementor-button-wrapper\">\n\t\t\t\t\t<a class=\"elementor-button elementor-button-link elementor-size-sm\" href=\"https:\/\/actiontracker.eu\/contactenos\/\">\n\t\t\t\t\t\t<span class=\"elementor-button-content-wrapper\">\n\t\t\t\t\t\t\t\t\t<span class=\"elementor-button-text\">Contactar<\/span>\n\t\t\t\t\t<\/span>\n\t\t\t\t\t<\/a>\n\t\t\t\t<\/div>\n\t\t\t\t\t\t\t\t<\/div>\n\t\t\t\t<\/div>\n\t\t\t\t<\/div>\n\t\t\t\t<\/div>\n\t\t\t\t<\/div>\n\t\t","protected":false},"excerpt":{"rendered":"<p>Un ecosistema de soluciones para la La industria e\u00f3lica y carga de proyectos Quiero saber m\u00e1s A trav\u00e9s de una [&hellip;]<\/p>\n","protected":false},"author":1,"featured_media":0,"parent":0,"menu_order":0,"comment_status":"closed","ping_status":"closed","template":"","meta":{"site-sidebar-layout":"no-sidebar","site-content-layout":"","ast-site-content-layout":"full-width-container","site-content-style":"default","site-sidebar-style":"default","ast-global-header-display":"","ast-banner-title-visibility":"","ast-main-header-display":"","ast-hfb-above-header-display":"","ast-hfb-below-header-display":"","ast-hfb-mobile-header-display":"","site-post-title":"disabled","ast-breadcrumbs-content":"","ast-featured-img":"disabled","footer-sml-layout":"","theme-transparent-header-meta":"","adv-header-id-meta":"","stick-header-meta":"","header-above-stick-meta":"","header-main-stick-meta":"","header-below-stick-meta":"","astra-migrate-meta-layouts":"default","ast-page-background-enabled":"default","ast-page-background-meta":{"desktop":{"background-color":"var(--ast-global-color-5)","background-image":"","background-repeat":"repeat","background-position":"center center","background-size":"auto","background-attachment":"scroll","background-type":"","background-media":"","overlay-type":"","overlay-color":"","overlay-opacity":"","overlay-gradient":""},"tablet":{"background-color":"","background-image":"","background-repeat":"repeat","background-position":"center center","background-size":"auto","background-attachment":"scroll","background-type":"","background-media":"","overlay-type":"","overlay-color":"","overlay-opacity":"","overlay-gradient":""},"mobile":{"background-color":"","background-image":"","background-repeat":"repeat","background-position":"center center","background-size":"auto","background-attachment":"scroll","background-type":"","background-media":"","overlay-type":"","overlay-color":"","overlay-opacity":"","overlay-gradient":""}},"ast-content-background-meta":{"desktop":{"background-color":"var(--ast-global-color-4)","background-image":"","background-repeat":"repeat","background-position":"center center","background-size":"auto","background-attachment":"scroll","background-type":"","background-media":"","overlay-type":"","overlay-color":"","overlay-opacity":"","overlay-gradient":""},"tablet":{"background-color":"var(--ast-global-color-4)","background-image":"","background-repeat":"repeat","background-position":"center center","background-size":"auto","background-attachment":"scroll","background-type":"","background-media":"","overlay-type":"","overlay-color":"","overlay-opacity":"","overlay-gradient":""},"mobile":{"background-color":"var(--ast-global-color-4)","background-image":"","background-repeat":"repeat","background-position":"center center","background-size":"auto","background-attachment":"scroll","background-type":"","background-media":"","overlay-type":"","overlay-color":"","overlay-opacity":"","overlay-gradient":""}},"footnotes":""},"class_list":["post-15","page","type-page","status-publish","hentry"],"yoast_head":"<!-- This site is optimized with the Yoast SEO plugin v25.1 - https:\/\/yoast.com\/wordpress\/plugins\/seo\/ -->\n<title>ActionTracker - Industria E\u00f3lica<\/title>\n<meta name=\"description\" content=\"Eficiencia en proyectos e\u00f3licos con Exocare: monitoreo en tiempo real, alertas inteligentes y gesti\u00f3n de tareas desde una sola plataforma.\" \/>\n<meta name=\"robots\" content=\"index, follow, max-snippet:-1, max-image-preview:large, max-video-preview:-1\" \/>\n<link rel=\"canonical\" href=\"https:\/\/eolica.actiontracker.eu\/\" \/>\n<meta property=\"og:locale\" content=\"es_ES\" \/>\n<meta property=\"og:type\" content=\"article\" \/>\n<meta property=\"og:title\" content=\"ActionTracker - Industria E\u00f3lica\" \/>\n<meta property=\"og:description\" content=\"Eficiencia en proyectos e\u00f3licos con Exocare: monitoreo en tiempo real, alertas inteligentes y gesti\u00f3n de tareas desde una sola plataforma.\" \/>\n<meta property=\"og:url\" content=\"https:\/\/eolica.actiontracker.eu\/\" \/>\n<meta property=\"og:site_name\" content=\"Industria E\u00f3lica\" \/>\n<meta property=\"article:modified_time\" content=\"2025-05-29T19:58:30+00:00\" \/>\n<meta property=\"og:image\" content=\"https:\/\/eolica.actiontracker.eu\/wp-content\/uploads\/2025\/05\/Sin-titulo-1-26-2.png\" \/>\n\t<meta property=\"og:image:width\" content=\"151\" \/>\n\t<meta property=\"og:image:height\" content=\"44\" \/>\n\t<meta property=\"og:image:type\" content=\"image\/png\" \/>\n<meta name=\"twitter:card\" content=\"summary_large_image\" \/>\n<meta name=\"twitter:site\" content=\"@actiontrackersl\" \/>\n<meta name=\"twitter:label1\" content=\"Tiempo de lectura\" \/>\n\t<meta name=\"twitter:data1\" content=\"2 minutos\" \/>\n<script type=\"application\/ld+json\" class=\"yoast-schema-graph\">{\"@context\":\"https:\/\/schema.org\",\"@graph\":[{\"@type\":\"WebPage\",\"@id\":\"https:\/\/eolica.actiontracker.eu\/\",\"url\":\"https:\/\/eolica.actiontracker.eu\/\",\"name\":\"ActionTracker - Industria E\u00f3lica\",\"isPartOf\":{\"@id\":\"https:\/\/eolica.actiontracker.eu\/#website\"},\"primaryImageOfPage\":{\"@id\":\"https:\/\/eolica.actiontracker.eu\/#primaryimage\"},\"image\":{\"@id\":\"https:\/\/eolica.actiontracker.eu\/#primaryimage\"},\"thumbnailUrl\":\"https:\/\/eolica.actiontracker.eu\/wp-content\/uploads\/2025\/05\/Sin-titulo-1-26-2.png\",\"datePublished\":\"2025-05-09T22:43:00+00:00\",\"dateModified\":\"2025-05-29T19:58:30+00:00\",\"description\":\"Eficiencia en proyectos e\u00f3licos con Exocare: monitoreo en tiempo real, alertas inteligentes y gesti\u00f3n de tareas desde una sola plataforma.\",\"breadcrumb\":{\"@id\":\"https:\/\/eolica.actiontracker.eu\/#breadcrumb\"},\"inLanguage\":\"es\",\"potentialAction\":[{\"@type\":\"ReadAction\",\"target\":[\"https:\/\/eolica.actiontracker.eu\/\"]}]},{\"@type\":\"ImageObject\",\"inLanguage\":\"es\",\"@id\":\"https:\/\/eolica.actiontracker.eu\/#primaryimage\",\"url\":\"https:\/\/eolica.actiontracker.eu\/wp-content\/uploads\/2025\/05\/Sin-titulo-1-26-2.png\",\"contentUrl\":\"https:\/\/eolica.actiontracker.eu\/wp-content\/uploads\/2025\/05\/Sin-titulo-1-26-2.png\",\"width\":151,\"height\":44},{\"@type\":\"BreadcrumbList\",\"@id\":\"https:\/\/eolica.actiontracker.eu\/#breadcrumb\",\"itemListElement\":[{\"@type\":\"ListItem\",\"position\":1,\"name\":\"Portada\",\"item\":\"https:\/\/eolica.actiontracker.eu\/\"},{\"@type\":\"ListItem\",\"position\":2,\"name\":\"Inicio e\u00f3lica\"}]},{\"@type\":\"WebSite\",\"@id\":\"https:\/\/eolica.actiontracker.eu\/#website\",\"url\":\"https:\/\/eolica.actiontracker.eu\/\",\"name\":\"Industria E\u00f3lica\",\"description\":\"\",\"publisher\":{\"@id\":\"https:\/\/eolica.actiontracker.eu\/#organization\"},\"potentialAction\":[{\"@type\":\"SearchAction\",\"target\":{\"@type\":\"EntryPoint\",\"urlTemplate\":\"https:\/\/eolica.actiontracker.eu\/?s={search_term_string}\"},\"query-input\":{\"@type\":\"PropertyValueSpecification\",\"valueRequired\":true,\"valueName\":\"search_term_string\"}}],\"inLanguage\":\"es\"},{\"@type\":\"Organization\",\"@id\":\"https:\/\/eolica.actiontracker.eu\/#organization\",\"name\":\"Industria E\u00f3lica ActionTracker\",\"url\":\"https:\/\/eolica.actiontracker.eu\/\",\"logo\":{\"@type\":\"ImageObject\",\"inLanguage\":\"es\",\"@id\":\"https:\/\/eolica.actiontracker.eu\/#\/schema\/logo\/image\/\",\"url\":\"https:\/\/eolica.actiontracker.eu\/wp-content\/uploads\/2025\/05\/logo.png\",\"contentUrl\":\"https:\/\/eolica.actiontracker.eu\/wp-content\/uploads\/2025\/05\/logo.png\",\"width\":156,\"height\":40,\"caption\":\"Industria E\u00f3lica ActionTracker\"},\"image\":{\"@id\":\"https:\/\/eolica.actiontracker.eu\/#\/schema\/logo\/image\/\"},\"sameAs\":[\"https:\/\/x.com\/actiontrackersl\",\"https:\/\/www.instagram.com\/actiontracker\/?igshid=ruyzwk2m5yz3\",\"https:\/\/www.youtube.com\/channel\/UCpeG4fyG_oxb3l7vGyBu2vw\",\"https:\/\/www.linkedin.com\/company\/actiontracker-solutions-sl\/\"]}]}<\/script>\n<!-- \/ Yoast SEO plugin. -->","yoast_head_json":{"title":"ActionTracker - Industria E\u00f3lica","description":"Eficiencia en proyectos e\u00f3licos con Exocare: monitoreo en tiempo real, alertas inteligentes y gesti\u00f3n de tareas desde una sola plataforma.","robots":{"index":"index","follow":"follow","max-snippet":"max-snippet:-1","max-image-preview":"max-image-preview:large","max-video-preview":"max-video-preview:-1"},"canonical":"https:\/\/eolica.actiontracker.eu\/","og_locale":"es_ES","og_type":"article","og_title":"ActionTracker - Industria E\u00f3lica","og_description":"Eficiencia en proyectos e\u00f3licos con Exocare: monitoreo en tiempo real, alertas inteligentes y gesti\u00f3n de tareas desde una sola plataforma.","og_url":"https:\/\/eolica.actiontracker.eu\/","og_site_name":"Industria E\u00f3lica","article_modified_time":"2025-05-29T19:58:30+00:00","og_image":[{"width":151,"height":44,"url":"https:\/\/eolica.actiontracker.eu\/wp-content\/uploads\/2025\/05\/Sin-titulo-1-26-2.png","type":"image\/png"}],"twitter_card":"summary_large_image","twitter_site":"@actiontrackersl","twitter_misc":{"Tiempo de lectura":"2 minutos"},"schema":{"@context":"https:\/\/schema.org","@graph":[{"@type":"WebPage","@id":"https:\/\/eolica.actiontracker.eu\/","url":"https:\/\/eolica.actiontracker.eu\/","name":"ActionTracker - Industria E\u00f3lica","isPartOf":{"@id":"https:\/\/eolica.actiontracker.eu\/#website"},"primaryImageOfPage":{"@id":"https:\/\/eolica.actiontracker.eu\/#primaryimage"},"image":{"@id":"https:\/\/eolica.actiontracker.eu\/#primaryimage"},"thumbnailUrl":"https:\/\/eolica.actiontracker.eu\/wp-content\/uploads\/2025\/05\/Sin-titulo-1-26-2.png","datePublished":"2025-05-09T22:43:00+00:00","dateModified":"2025-05-29T19:58:30+00:00","description":"Eficiencia en proyectos e\u00f3licos con Exocare: monitoreo en tiempo real, alertas inteligentes y gesti\u00f3n de tareas desde una sola plataforma.","breadcrumb":{"@id":"https:\/\/eolica.actiontracker.eu\/#breadcrumb"},"inLanguage":"es","potentialAction":[{"@type":"ReadAction","target":["https:\/\/eolica.actiontracker.eu\/"]}]},{"@type":"ImageObject","inLanguage":"es","@id":"https:\/\/eolica.actiontracker.eu\/#primaryimage","url":"https:\/\/eolica.actiontracker.eu\/wp-content\/uploads\/2025\/05\/Sin-titulo-1-26-2.png","contentUrl":"https:\/\/eolica.actiontracker.eu\/wp-content\/uploads\/2025\/05\/Sin-titulo-1-26-2.png","width":151,"height":44},{"@type":"BreadcrumbList","@id":"https:\/\/eolica.actiontracker.eu\/#breadcrumb","itemListElement":[{"@type":"ListItem","position":1,"name":"Portada","item":"https:\/\/eolica.actiontracker.eu\/"},{"@type":"ListItem","position":2,"name":"Inicio e\u00f3lica"}]},{"@type":"WebSite","@id":"https:\/\/eolica.actiontracker.eu\/#website","url":"https:\/\/eolica.actiontracker.eu\/","name":"Industria E\u00f3lica","description":"","publisher":{"@id":"https:\/\/eolica.actiontracker.eu\/#organization"},"potentialAction":[{"@type":"SearchAction","target":{"@type":"EntryPoint","urlTemplate":"https:\/\/eolica.actiontracker.eu\/?s={search_term_string}"},"query-input":{"@type":"PropertyValueSpecification","valueRequired":true,"valueName":"search_term_string"}}],"inLanguage":"es"},{"@type":"Organization","@id":"https:\/\/eolica.actiontracker.eu\/#organization","name":"Industria E\u00f3lica ActionTracker","url":"https:\/\/eolica.actiontracker.eu\/","logo":{"@type":"ImageObject","inLanguage":"es","@id":"https:\/\/eolica.actiontracker.eu\/#\/schema\/logo\/image\/","url":"https:\/\/eolica.actiontracker.eu\/wp-content\/uploads\/2025\/05\/logo.png","contentUrl":"https:\/\/eolica.actiontracker.eu\/wp-content\/uploads\/2025\/05\/logo.png","width":156,"height":40,"caption":"Industria E\u00f3lica ActionTracker"},"image":{"@id":"https:\/\/eolica.actiontracker.eu\/#\/schema\/logo\/image\/"},"sameAs":["https:\/\/x.com\/actiontrackersl","https:\/\/www.instagram.com\/actiontracker\/?igshid=ruyzwk2m5yz3","https:\/\/www.youtube.com\/channel\/UCpeG4fyG_oxb3l7vGyBu2vw","https:\/\/www.linkedin.com\/company\/actiontracker-solutions-sl\/"]}]}},"jetpack_sharing_enabled":true,"_links":{"self":[{"href":"https:\/\/eolica.actiontracker.eu\/index.php?rest_route=\/wp\/v2\/pages\/15","targetHints":{"allow":["GET"]}}],"collection":[{"href":"https:\/\/eolica.actiontracker.eu\/index.php?rest_route=\/wp\/v2\/pages"}],"about":[{"href":"https:\/\/eolica.actiontracker.eu\/index.php?rest_route=\/wp\/v2\/types\/page"}],"author":[{"embeddable":true,"href":"https:\/\/eolica.actiontracker.eu\/index.php?rest_route=\/wp\/v2\/users\/1"}],"replies":[{"embeddable":true,"href":"https:\/\/eolica.actiontracker.eu\/index.php?rest_route=%2Fwp%2Fv2%2Fcomments&post=15"}],"version-history":[{"count":87,"href":"https:\/\/eolica.actiontracker.eu\/index.php?rest_route=\/wp\/v2\/pages\/15\/revisions"}],"predecessor-version":[{"id":285,"href":"https:\/\/eolica.actiontracker.eu\/index.php?rest_route=\/wp\/v2\/pages\/15\/revisions\/285"}],"wp:attachment":[{"href":"https:\/\/eolica.actiontracker.eu\/index.php?rest_route=%2Fwp%2Fv2%2Fmedia&parent=15"}],"curies":[{"name":"wp","href":"https:\/\/api.w.org\/{rel}","templated":true}]}}